{"id":10086,"date":"2020-10-19T13:44:01","date_gmt":"2020-10-19T11:44:01","guid":{"rendered":"http:\/\/thesen-ag.de\/?page_id=10086"},"modified":"2026-03-18T16:56:59","modified_gmt":"2026-03-18T15:56:59","slug":"impressum","status":"publish","type":"page","link":"https:\/\/www.thesen-ag.com\/en\/impressum\/","title":{"rendered":"Site Notice"},"content":{"rendered":"<section class=\"w-section mpc-row\">\r\n<div class=\"row\"><div class=\"col col-12 mpc-column\" data-column-id=\"mpc_column-469da28d1a16a9\">\r\n    <div class=\"col-inner\"><div class=\"w-heading heading-6 text-left\">\r\n             \r\n    <h2 class=\"heading-title\">Site Notice<\/h2>            <\/div><div class=\"w-space\" style=\"height:30px\"><\/div><div class=\"w-text-block\">\n    <p><strong>THESEN AG<\/strong><br>\nRudi-Schillings-Stra&szlig;e 31<br>\n54296 Trier<\/p>\n<p>Commercial Register: HRB 40459<br>\nRegistration court: Amtsgericht Wittlich<\/p>\n<p><strong>Represented by:<\/strong><br>\nG\u00fcnter Thesen (CEO)<br>\nHeidemarie Katharina Thesen<br>\nMatthias B&ouml;ffgen<\/p>\n<p><strong>Supervisory Board<\/strong><br>\nJ\u00fcrgen Stock (Chairman)<br>\nDr. Karl-Heinz Engel (vice chairman)<br>\nProf. Dr. Markus Hehn<\/p>\n<p>CONTACT<br>\nPhone: +49 (0) 651 \/ 99 848 0<br>\nTelefax: +49 (0) 651 \/ 99 848 199<br>\nE-Mail: <a href=\"mailto:info@THESEN-AG.com\">info@THESEN-AG.com<\/a><\/p>\n<p>VAT ID<br>\nSales tax identification number according to Sect. 27 a of the Sales Tax Law: DE 253 561 950<\/p>\n<p>RESPONSIBLE FOR THE CONTENT ACCORDING TO SECT. 55, PARAGRAPH 2 RSTV<br>\nG&uuml;nter Thesen<br>\nRudi-Schillings-Stra&szlig;e 31<br>\n54296 Trier<\/p>\n<p>EU DISPUTE RESOLUTION<\/p>\n<p>The European Commission provides a platform for online dispute resolution (ODR):<br>\n<a href=\"https:\/\/ec.europa.eu\/consumers\/odr\" target=\"_blank\" rel=\"noopener noreferrer\">https:\/\/ec.europa.eu\/consumers\/odr<\/a>Our e-mail address can be found above in the site\nnotice.<\/p>\n<p>DISPUTE RESOLUTION PROCEEDINGS IN FRONT OF A CONSUMER ARBITRATION BOARD<br>\nWe are not willing or obliged to participate in dispute resolution proceedings in front of a\nconsumer arbitration board.<\/p>\n<p>LIABILITY FOR CONTENTS<br>\nAs service providers, we are liable for own contents of these websites according to\nParagraph 7, Sect. 1 German Telemedia Act (TMG). However, according to Paragraphs 8 to 10 German Telemedia Act (TMG), service providers are not obligated to permanently monitor submitted or stored information or to search for evidences that indicate illegal activities.<br>\nLegal obligations to removing information or to blocking the use of information remain\nunchallenged. In this case, liability is only possible at the time of knowledge about a specific\nviolation of law. Illegal contents will be removed immediately at the time we get knowledge\nof them.<\/p>\n<p>LIABILITY FOR LINKS<br>\nOur offer includes links to external third-party websites. We have no influence on the\ncontents of those websites, therefore we cannot guarantee for those contents. Providers or\nadministrators of linked websites are always responsible for their own contents.<br>\nThe linked websites had been checked for possible violations of law at the time of the\nestablishment of the link. Illegal contents were not detected at the time of the linking. A\npermanent monitoring of the contents of linked websites cannot be imposed without\nreasonable indications that there has been a violation of law. Illegal links will be removed\nimmediately at the time we get knowledge of them.<\/p>\n<p>COPYRIGHT<br>\nContents and compilations published on these websites by the providers are subject to\nGerman copyright laws. Reproduction, editing, distribution as well as the use of any kind\noutside the scope of the copyright law require a written permission of the author or\noriginator. Downloads and copies of these websites are permitted for private use only. The commercial use of our contents without permission of the originator is prohibited.<br>\nCopyright laws of third parties are respected as long as the contents on these websites do\nnot originate from the provider. Contributions of third parties on this site are indicated as\nsuch. However, if you notice any violations of copyright law, please inform us. Such contents\nwill be removed immediately.<\/p>\n<\/div><\/div><\/div><\/div><\/section>","protected":false},"excerpt":{"rendered":"Impressum THESEN AG Rudi-Schillings-Stra&szlig;e 31 54296 Trier Handelsregister: HRB 40459 Registergericht: Amtsgericht Wittlich Vertreten durch: G&uuml;nter Thesen (Vorsitzender) Heidemarie Katharina Thesen Matthias B&ouml;ffgen Aufsichtsrat: J&uuml;rgen Stock (Vorsitzender) Dr. Karl-Heinz Engel (stellv. Vorsitzender) Prof. Dr. Markus Hehn KONTAKT Telefon: +49 (0) 651 \/ 99 848 0 Telefax: +49 (0) 651 \/ 99 848 199 E-Mail: info@THESEN-AG.com","protected":false},"author":1,"featured_media":0,"parent":0,"menu_order":0,"comment_status":"closed","ping_status":"closed","template":"","meta":{"_themeisle_gutenberg_block_has_review":false,"footnotes":""},"class_list":["post-10086","page","type-page","status-publish","hentry"],"yoast_head":"<!-- This site is optimized with the Yoast SEO plugin v27.3 - https:\/\/yoast.com\/product\/yoast-seo-wordpress\/ -->\n<title>Impressum - THESEN AG - Einkaufsberatung &amp; Supply Chain Management<\/title>\n<meta name=\"description\" content=\"THESEN AG, Rudi-Schillings-Stra\u00dfe 31 in 54296 Trier - seit \u00fcber 25 Jahren Einkaufsberatung und Supply Cain Management auf h\u00f6chstem Niveau.\" \/>\n<meta name=\"robots\" content=\"index, follow, max-snippet:-1, max-image-preview:large, max-video-preview:-1\" \/>\n<link rel=\"canonical\" href=\"https:\/\/www.thesen-ag.com\/en\/impressum\/\" \/>\n<meta property=\"og:locale\" content=\"en_GB\" \/>\n<meta property=\"og:type\" content=\"article\" \/>\n<meta property=\"og:title\" content=\"Impressum - THESEN AG - Einkaufsberatung &amp; Supply Chain Management\" \/>\n<meta property=\"og:description\" content=\"THESEN AG, Rudi-Schillings-Stra\u00dfe 31 in 54296 Trier - seit \u00fcber 25 Jahren Einkaufsberatung und Supply Cain Management auf h\u00f6chstem Niveau.\" \/>\n<meta property=\"og:url\" content=\"https:\/\/www.thesen-ag.com\/en\/impressum\/\" \/>\n<meta property=\"og:site_name\" content=\"THESEN AG - Einkaufsberatung &amp; Supply Chain Management\" \/>\n<meta property=\"article:modified_time\" content=\"2026-03-18T15:56:59+00:00\" \/>\n<meta name=\"twitter:card\" content=\"summary_large_image\" \/>\n<meta name=\"twitter:label1\" content=\"Estimated reading time\" \/>\n\t<meta name=\"twitter:data1\" content=\"3 minutes\" \/>\n<script type=\"application\/ld+json\" class=\"yoast-schema-graph\">{\"@context\":\"https:\\\/\\\/schema.org\",\"@graph\":[{\"@type\":\"WebPage\",\"@id\":\"https:\\\/\\\/www.thesen-ag.com\\\/impressum\\\/\",\"url\":\"https:\\\/\\\/www.thesen-ag.com\\\/impressum\\\/\",\"name\":\"Impressum - THESEN AG - Einkaufsberatung &amp; Supply Chain Management\",\"isPartOf\":{\"@id\":\"https:\\\/\\\/www.thesen-ag.com\\\/#website\"},\"datePublished\":\"2020-10-19T11:44:01+00:00\",\"dateModified\":\"2026-03-18T15:56:59+00:00\",\"description\":\"THESEN AG, Rudi-Schillings-Stra\u00dfe 31 in 54296 Trier - seit \u00fcber 25 Jahren Einkaufsberatung und Supply Cain Management auf h\u00f6chstem Niveau.\",\"breadcrumb\":{\"@id\":\"https:\\\/\\\/www.thesen-ag.com\\\/impressum\\\/#breadcrumb\"},\"inLanguage\":\"en-GB\",\"potentialAction\":[{\"@type\":\"ReadAction\",\"target\":[\"https:\\\/\\\/www.thesen-ag.com\\\/impressum\\\/\"]}]},{\"@type\":\"BreadcrumbList\",\"@id\":\"https:\\\/\\\/www.thesen-ag.com\\\/impressum\\\/#breadcrumb\",\"itemListElement\":[{\"@type\":\"ListItem\",\"position\":1,\"name\":\"Startseite\",\"item\":\"https:\\\/\\\/www.thesen-ag.com\\\/\"},{\"@type\":\"ListItem\",\"position\":2,\"name\":\"Impressum\"}]},{\"@type\":\"WebSite\",\"@id\":\"https:\\\/\\\/www.thesen-ag.com\\\/#website\",\"url\":\"https:\\\/\\\/www.thesen-ag.com\\\/\",\"name\":\"THESEN AG - Einkaufsberatung &amp; Supply Chain Management\",\"description\":\"PROVEN EXCELLENCE since 1994\",\"publisher\":{\"@id\":\"https:\\\/\\\/www.thesen-ag.com\\\/#organization\"},\"potentialAction\":[{\"@type\":\"SearchAction\",\"target\":{\"@type\":\"EntryPoint\",\"urlTemplate\":\"https:\\\/\\\/www.thesen-ag.com\\\/?s={search_term_string}\"},\"query-input\":{\"@type\":\"PropertyValueSpecification\",\"valueRequired\":true,\"valueName\":\"search_term_string\"}}],\"inLanguage\":\"en-GB\"},{\"@type\":\"Organization\",\"@id\":\"https:\\\/\\\/www.thesen-ag.com\\\/#organization\",\"name\":\"THESEN AG\",\"url\":\"https:\\\/\\\/www.thesen-ag.com\\\/\",\"logo\":{\"@type\":\"ImageObject\",\"inLanguage\":\"en-GB\",\"@id\":\"https:\\\/\\\/www.thesen-ag.com\\\/#\\\/schema\\\/logo\\\/image\\\/\",\"url\":\"https:\\\/\\\/www.thesen-ag.com\\\/wp-content\\\/uploads\\\/2020\\\/10\\\/login_logothesen.png\",\"contentUrl\":\"https:\\\/\\\/www.thesen-ag.com\\\/wp-content\\\/uploads\\\/2020\\\/10\\\/login_logothesen.png\",\"width\":373,\"height\":190,\"caption\":\"THESEN AG\"},\"image\":{\"@id\":\"https:\\\/\\\/www.thesen-ag.com\\\/#\\\/schema\\\/logo\\\/image\\\/\"}}]}<\/script>\n<!-- \/ Yoast SEO plugin. -->","yoast_head_json":{"title":"Impressum - THESEN AG - Einkaufsberatung &amp; Supply Chain Management","description":"THESEN AG, Rudi-Schillings-Stra\u00dfe 31 in 54296 Trier - seit \u00fcber 25 Jahren Einkaufsberatung und Supply Cain Management auf h\u00f6chstem Niveau.","robots":{"index":"index","follow":"follow","max-snippet":"max-snippet:-1","max-image-preview":"max-image-preview:large","max-video-preview":"max-video-preview:-1"},"canonical":"https:\/\/www.thesen-ag.com\/en\/impressum\/","og_locale":"en_GB","og_type":"article","og_title":"Impressum - THESEN AG - Einkaufsberatung &amp; Supply Chain Management","og_description":"THESEN AG, Rudi-Schillings-Stra\u00dfe 31 in 54296 Trier - seit \u00fcber 25 Jahren Einkaufsberatung und Supply Cain Management auf h\u00f6chstem Niveau.","og_url":"https:\/\/www.thesen-ag.com\/en\/impressum\/","og_site_name":"THESEN AG - Einkaufsberatung &amp; Supply Chain Management","article_modified_time":"2026-03-18T15:56:59+00:00","twitter_card":"summary_large_image","twitter_misc":{"Estimated reading time":"3 minutes"},"schema":{"@context":"https:\/\/schema.org","@graph":[{"@type":"WebPage","@id":"https:\/\/www.thesen-ag.com\/impressum\/","url":"https:\/\/www.thesen-ag.com\/impressum\/","name":"Impressum - THESEN AG - Einkaufsberatung &amp; Supply Chain Management","isPartOf":{"@id":"https:\/\/www.thesen-ag.com\/#website"},"datePublished":"2020-10-19T11:44:01+00:00","dateModified":"2026-03-18T15:56:59+00:00","description":"THESEN AG, Rudi-Schillings-Stra\u00dfe 31 in 54296 Trier - seit \u00fcber 25 Jahren Einkaufsberatung und Supply Cain Management auf h\u00f6chstem Niveau.","breadcrumb":{"@id":"https:\/\/www.thesen-ag.com\/impressum\/#breadcrumb"},"inLanguage":"en-GB","potentialAction":[{"@type":"ReadAction","target":["https:\/\/www.thesen-ag.com\/impressum\/"]}]},{"@type":"BreadcrumbList","@id":"https:\/\/www.thesen-ag.com\/impressum\/#breadcrumb","itemListElement":[{"@type":"ListItem","position":1,"name":"Startseite","item":"https:\/\/www.thesen-ag.com\/"},{"@type":"ListItem","position":2,"name":"Impressum"}]},{"@type":"WebSite","@id":"https:\/\/www.thesen-ag.com\/#website","url":"https:\/\/www.thesen-ag.com\/","name":"THESEN AG - Einkaufsberatung &amp; Supply Chain Management","description":"PROVEN EXCELLENCE since 1994","publisher":{"@id":"https:\/\/www.thesen-ag.com\/#organization"},"potentialAction":[{"@type":"SearchAction","target":{"@type":"EntryPoint","urlTemplate":"https:\/\/www.thesen-ag.com\/?s={search_term_string}"},"query-input":{"@type":"PropertyValueSpecification","valueRequired":true,"valueName":"search_term_string"}}],"inLanguage":"en-GB"},{"@type":"Organization","@id":"https:\/\/www.thesen-ag.com\/#organization","name":"THESEN AG","url":"https:\/\/www.thesen-ag.com\/","logo":{"@type":"ImageObject","inLanguage":"en-GB","@id":"https:\/\/www.thesen-ag.com\/#\/schema\/logo\/image\/","url":"https:\/\/www.thesen-ag.com\/wp-content\/uploads\/2020\/10\/login_logothesen.png","contentUrl":"https:\/\/www.thesen-ag.com\/wp-content\/uploads\/2020\/10\/login_logothesen.png","width":373,"height":190,"caption":"THESEN AG"},"image":{"@id":"https:\/\/www.thesen-ag.com\/#\/schema\/logo\/image\/"}}]}},"_links":{"self":[{"href":"https:\/\/www.thesen-ag.com\/en\/wp-json\/wp\/v2\/pages\/10086","targetHints":{"allow":["GET"]}}],"collection":[{"href":"https:\/\/www.thesen-ag.com\/en\/wp-json\/wp\/v2\/pages"}],"about":[{"href":"https:\/\/www.thesen-ag.com\/en\/wp-json\/wp\/v2\/types\/page"}],"author":[{"embeddable":true,"href":"https:\/\/www.thesen-ag.com\/en\/wp-json\/wp\/v2\/users\/1"}],"replies":[{"embeddable":true,"href":"https:\/\/www.thesen-ag.com\/en\/wp-json\/wp\/v2\/comments?post=10086"}],"version-history":[{"count":9,"href":"https:\/\/www.thesen-ag.com\/en\/wp-json\/wp\/v2\/pages\/10086\/revisions"}],"predecessor-version":[{"id":11081,"href":"https:\/\/www.thesen-ag.com\/en\/wp-json\/wp\/v2\/pages\/10086\/revisions\/11081"}],"wp:attachment":[{"href":"https:\/\/www.thesen-ag.com\/en\/wp-json\/wp\/v2\/media?parent=10086"}],"curies":[{"name":"wp","href":"https:\/\/api.w.org\/{rel}","templated":true}]}}