{"id":7961,"date":"2020-08-05T06:46:35","date_gmt":"2020-08-05T04:46:35","guid":{"rendered":"http:\/\/thesen-ag.de\/?page_id=7961"},"modified":"2023-02-06T13:30:09","modified_gmt":"2023-02-06T12:30:09","slug":"global-sourcing","status":"publish","type":"page","link":"https:\/\/www.thesen-ag.com\/en\/global-sourcing\/","title":{"rendered":"GLOBAL SOURCING"},"content":{"rendered":"<section class=\"w-section no-padding mpc-row\" style=\"background-color:#eeeeee\" data-row-id=\"mpc_row-6369e0676334dad\"><div class=\"mpc-overlay mpc-overlay--first\" data-speed=\"25\"><\/div>\r\n<div class=\"row w-align-middle w-row-flex\"><div class=\"col col-4 hidden-sm hidden-xs vc_custom_1596462780836 mpc-column\" data-column-id=\"mpc_column-7769e0676334624\">\r\n    <div class=\"col-inner\"><div class=\"w-heading heading-6 text-left\">\r\n             \r\n    <h1 class=\"heading-title\">GLOBAL SOURCING<\/h1>         \r\n    <span class=\"subheading\">by THESEN<\/span>        <\/div><\/div><\/div><div data-animation=\"fadeInLeft\" class=\"col col-4 hidden-sm hidden-xs w-overlap-box w-animation vc_custom_1599577686793 mpc-column\" style=\"right:-100px;z-index:150\" data-column-id=\"mpc_column-8969e0676334aad\">\r\n    <div class=\"col-inner\"><div class=\"w-image text-left\">\n            <img loading=\"lazy\" decoding=\"async\" width=\"960\" height=\"960\" src=\"https:\/\/www.thesen-ag.com\/wp-content\/uploads\/2020\/09\/sw_shutterstock_169721372-960x960.jpg\" class=\"attachment-overlap-xlarge size-overlap-xlarge\" alt=\"global sourcing\" srcset=\"https:\/\/www.thesen-ag.com\/wp-content\/uploads\/2020\/09\/sw_shutterstock_169721372-960x960.jpg 960w, https:\/\/www.thesen-ag.com\/wp-content\/uploads\/2020\/09\/sw_shutterstock_169721372-150x150.jpg 150w, https:\/\/www.thesen-ag.com\/wp-content\/uploads\/2020\/09\/sw_shutterstock_169721372-340x340.jpg 340w, https:\/\/www.thesen-ag.com\/wp-content\/uploads\/2020\/09\/sw_shutterstock_169721372-640x640.jpg 640w\" sizes=\"auto, (max-width: 960px) 100vw, 960px\">    <\/div>\n<\/div><\/div><div class=\"col col-4 hidden-sm hidden-xs w-text-light w-overlap-box vc_custom_1599577946420 mpc-column\" style=\"bottom:-50px;z-index:100;background-color:#001f3c\" data-column-id=\"mpc_column-8669e0676334cae\">\r\n    <div class=\"col-inner\"><div class=\"w-text-block\">\n    <p>Global Sourcing bietet gro&szlig;e Chancen f&uuml;r die Wertsch&ouml;pfung. THESEN unterst&uuml;tzt Sie mit Expertise aus 30 Jahren.<\/p>\n<\/div><\/div><\/div><\/div><\/section><section class=\"w-section no-padding mpc-row\">\r\n<div class=\"row w-align-middle w-row-flex\"><div data-animation=\"fadeIn\" class=\"col col-4 hidden-lg hidden-md w-animation vc_custom_1596378397058 mpc-column\" data-column-id=\"mpc_column-3069e0676335d3a\">\r\n    <div class=\"col-inner\"><div class=\"w-image text-left\">\n            <img loading=\"lazy\" decoding=\"async\" width=\"960\" height=\"960\" src=\"https:\/\/www.thesen-ag.com\/wp-content\/uploads\/2020\/09\/sw_shutterstock_169721372-960x960.jpg\" class=\"attachment-overlap-xlarge size-overlap-xlarge\" alt=\"global sourcing\" srcset=\"https:\/\/www.thesen-ag.com\/wp-content\/uploads\/2020\/09\/sw_shutterstock_169721372-960x960.jpg 960w, https:\/\/www.thesen-ag.com\/wp-content\/uploads\/2020\/09\/sw_shutterstock_169721372-150x150.jpg 150w, https:\/\/www.thesen-ag.com\/wp-content\/uploads\/2020\/09\/sw_shutterstock_169721372-340x340.jpg 340w, https:\/\/www.thesen-ag.com\/wp-content\/uploads\/2020\/09\/sw_shutterstock_169721372-640x640.jpg 640w\" sizes=\"auto, (max-width: 960px) 100vw, 960px\">    <\/div>\n<\/div><\/div><div class=\"col col-4 hidden-lg hidden-md mpc-column\" data-column-id=\"mpc_column-569e0676335f1c\">\r\n    <div class=\"col-inner\"><div class=\"w-heading heading-6 text-left\">\r\n             \r\n    <h1 class=\"heading-title\">GLOBAL SOURCING<\/h1>         \r\n    <span class=\"subheading\">by THESEN<\/span>        <\/div><\/div><\/div><div class=\"col col-4 hidden-lg hidden-md w-text-light vc_custom_1596377952989 mpc-column\" style=\"background-color:#001f3c\" data-column-id=\"mpc_column-9069e06763360a2\">\r\n    <div class=\"col-inner\"><div class=\"w-text-block\">\n    <p>Global sourcing offers great opportunities for value creation. THESEN will support you with 25 years\u2019 expertise.<\/p>\n<\/div><\/div><\/div><\/div><\/section><section class=\"w-section s-padding vc_custom_1599577981661 mpc-row\">\r\n<div class=\"row\"><div class=\"col col-8 vc_custom_1596374385184 mpc-column\" data-column-id=\"mpc_column-169e0676336717\">\r\n    <div class=\"col-inner\"><div class=\"w-text-block\">\n    <p><em>The role of global sourcing is continuously growing. Due to the internationalization of procurement options you can open up new markets and technologies for your company and use more favorable procurement sources.<\/em><\/p>\n<p><em>According to TCO analyses, global purchasing has a cost-reducing potential of more than 20 percent.<\/em><\/p>\n<p><em>The strong growth of the global economy - in particular of the emerging markets China, India, South America and Africa - has led to a tremendous demand for raw materials. For the coming years, the global physical demand will still be important. The supply extension will hardly be able to keep up and this will lead at least to a temporary shortage. And you also need to bear in mind the considerable currency fluctuations.<\/em><\/p>\n<p><em>Due to this scenario, Purchasing has even more difficulties to optimize procurement costs and to ensure availability.<\/em><\/p>\n<p><em>To avoid that a shortage of resources and potential savings will result in actual costs, THESEN will develop detailed risk analyses and action strategies. We will answer the following key questions for you:<\/em><\/p>\n<ul>\n<li><strong><em>Does your production strategy at product and component level match your global purchase plans?<\/em><\/strong><\/li>\n<li><strong><em>How can you ensure constant quality and availability of procurement goods over long distances?<\/em><\/strong><\/li>\n<li><strong><em>Which impact does your global purchase have on your personnel and logistic costs?<\/em><\/strong><\/li>\n<li><strong><em>How can you prepare your organizational structure for the new challenges?<\/em><\/strong><\/li>\n<\/ul>\n<p><em>Given all opportunities and potentials, the <a href=\"https:\/\/www.thesen-ag.com\/en\/risikomanagement\/\">risks<\/a> are significant and must not be neglected. Risk management is a central element of global sourcing and closely related to the company\u2019s Supply Chain Management.<\/em><\/p>\n<\/div><div class=\"w-space\" style=\"height:70px\"><\/div><div class=\"w-heading heading-6 text-left\">\r\n             \r\n    <h2 class=\"heading-title\">OUR GLOBAL SOURCING APPROACH<\/h2>         \r\n    <span class=\"subheading\">FOR YOU:<\/span>        <\/div><div class=\"w-space\" style=\"height:10px\"><\/div><div class=\"w-text-block\">\n    <ul>\n<li><strong><em>Analyzing the appropriateness of the procurement volumes<\/em><\/strong><\/li>\n<li><strong><em>Developing a sourcing strategy<\/em><\/strong><\/li>\n<li><strong><em>Identifying new procurement sources and markets<\/em><\/strong><\/li>\n<li><strong><em>Availability and quality analyses<\/em><\/strong><\/li>\n<li><strong><em>Estimation of potentials<\/em><\/strong><\/li>\n<li><strong><em>Identifying and evaluating existing barriers and opportunities<\/em><\/strong><\/li>\n<li><strong><em>Risk monitoring of the relevant \u201cglobal or local market\u201d<\/em><\/strong><\/li>\n<li><strong><em>Evaluating alternate options<\/em><\/strong><\/li>\n<li><strong><em>Defining measures<\/em><\/strong><\/li>\n<li><strong><em>Motivating and integrating your staff systematically<\/em><\/strong><\/li>\n<li><strong><em>Developing an efficient reporting<\/em><\/strong><\/li>\n<li><strong><em>Defining sub-projects to be implemented<\/em><\/strong><\/li>\n<\/ul>\n<p><em>The THESEN SYSTEM APPROACH stands for a comprehensive view on and a guarantee of your global procurement needs and costs.<\/em><\/p>\n<\/div><\/div><\/div><div class=\"col col-4 vc_custom_1596604921740 mpc-column\" data-column-id=\"mpc_column-3169e0676339fd8\">\r\n    <div class=\"col-inner\"><div class=\"row vc_custom_1596968676868 mpc-row\" style=\"background-color:#eeeeee\">\r\n    <div class=\"col col-12 mpc-column\" data-column-id=\"mpc_column-3069e0676336dd8\">\r\n    <div class=\"col-inner\"><div class=\"w-heading heading-7 text-left\">\r\n             \r\n    <h2 class=\"heading-title\">THESEN potential analysis<\/h2>         \r\n    <span class=\"subheading\">Your basis for decision-making<\/span>        <\/div><div class=\"w-image text-left\">\n        <a href=\"\/en\/potenzialanalyse_einkauf\/\" target=\"_self\">\n            <img loading=\"lazy\" decoding=\"async\" width=\"720\" height=\"450\" src=\"https:\/\/www.thesen-ag.com\/wp-content\/uploads\/2020\/09\/2potenziale_cube.png\" class=\"attachment-full size-full\" alt=\"Potenziale identifizieren\" srcset=\"https:\/\/www.thesen-ag.com\/wp-content\/uploads\/2020\/09\/2potenziale_cube.png 720w, https:\/\/www.thesen-ag.com\/wp-content\/uploads\/2020\/09\/2potenziale_cube-300x188.png 300w, https:\/\/www.thesen-ag.com\/wp-content\/uploads\/2020\/09\/2potenziale_cube-640x400.png 640w\" sizes=\"auto, (max-width: 720px) 100vw, 720px\">        <\/a>\n    <\/div>\n\t\t<div class=\"cl-effect-1 creative_link_wrapper creative_link_362\" style=\"text-align: center;\">\r\n\t\t\t\t\t\t\t<a href=\"\/en\/potenzialanalyse_einkauf\/\" target=\"\" title=\"PAY AS YOU SAVE  &ndash; BY THESEN  &reg;\" style=\"color: #607b98; font-size: 15px; text-transform: default;\">\r\n\t\t\t\t\tread more\t\t\t\t<\/a>\r\n\t\t\t\r\n\t\t\t\r\n\t\t\t\r\n\t\t\t\r\n\t\t\t\r\n\t\t\t\r\n\t\t\t\r\n\t\t\t\r\n\t\t\t\r\n\t\t\t\r\n\t\t\t\t\t<\/div>\r\n\r\n\t\t<style>\r\n\t\t\t.creative_link_362.cl-effect-13 a:hover::before, .creative_link_362.cl-effect-13 a:focus::before {\r\n\t\t\t\tcolor: #607b98 !important;\r\n\t\t    \ttext-shadow: 10px 0 #607b98, -10px 0 #607b98 !important;\r\n\t\t\t}\t\r\n\t\t\t@media only screen and (max-width: 480px) {\r\n\t\t\t\t.creative_link_362 a {\r\n\t\t\t\t\tfont-size: px !important;\r\n\t\t\t\t}\r\n\t\t\t}\r\n\t\t<\/style>\r\n\t\t<\/div><\/div><\/div><div class=\"w-space\" style=\"height:50px\"><\/div><div class=\"row vc_custom_1596968676868 mpc-row\" style=\"background-color:#eeeeee\">\r\n    <div class=\"col col-12 mpc-column\" data-column-id=\"mpc_column-669e06763376a5\">\r\n    <div class=\"col-inner\"><div class=\"w-heading heading-7 text-left\">\r\n             \r\n    <h2 class=\"heading-title\">PAYS &reg; - PAY AS YOU SAVE<\/h2>         \r\n    <span class=\"subheading\">Fee model by THESEN<\/span>        <\/div><div class=\"w-image text-left\">\n        <a href=\"\/en\/pay-as-you-save-by-thesen\/\" target=\"_self\">\n            <img loading=\"lazy\" decoding=\"async\" width=\"720\" height=\"450\" src=\"https:\/\/www.thesen-ag.com\/wp-content\/uploads\/2020\/09\/pas_cube.png\" class=\"attachment-full size-full\" alt=\"Pay as you save by THESEN\" srcset=\"https:\/\/www.thesen-ag.com\/wp-content\/uploads\/2020\/09\/pas_cube.png 720w, https:\/\/www.thesen-ag.com\/wp-content\/uploads\/2020\/09\/pas_cube-300x188.png 300w, https:\/\/www.thesen-ag.com\/wp-content\/uploads\/2020\/09\/pas_cube-640x400.png 640w\" sizes=\"auto, (max-width: 720px) 100vw, 720px\">        <\/a>\n    <\/div>\n\t\t<div class=\"cl-effect-1 creative_link_wrapper creative_link_204\" style=\"text-align: center;\">\r\n\t\t\t\t\t\t\t<a href=\"\/en\/pay-as-you-save-by-thesen\/\" target=\"\" title=\"PAY AS YOU SAVE  &ndash; BY THESEN  &reg;\" style=\"color: #607b98; font-size: 15px; text-transform: default;\">\r\n\t\t\t\t\tread more\t\t\t\t<\/a>\r\n\t\t\t\r\n\t\t\t\r\n\t\t\t\r\n\t\t\t\r\n\t\t\t\r\n\t\t\t\r\n\t\t\t\r\n\t\t\t\r\n\t\t\t\r\n\t\t\t\r\n\t\t\t\t\t<\/div>\r\n\r\n\t\t<style>\r\n\t\t\t.creative_link_204.cl-effect-13 a:hover::before, .creative_link_204.cl-effect-13 a:focus::before {\r\n\t\t\t\tcolor: #607b98 !important;\r\n\t\t    \ttext-shadow: 10px 0 #607b98, -10px 0 #607b98 !important;\r\n\t\t\t}\t\r\n\t\t\t@media only screen and (max-width: 480px) {\r\n\t\t\t\t.creative_link_204 a {\r\n\t\t\t\t\tfont-size: px !important;\r\n\t\t\t\t}\r\n\t\t\t}\r\n\t\t<\/style>\r\n\t\t<\/div><\/div><\/div><div class=\"w-space\" style=\"height:50px\"><\/div><div class=\"row w-text-light vc_custom_1596697667880 mpc-row\" style=\"background-color:#001f3c\">\r\n    <div class=\"col col-12 w-text-light mpc-column\" data-column-id=\"mpc_column-3469e0676339c70\">\r\n    <div class=\"col-inner\"><div class=\"w-heading heading-7 text-left smallheading.heading-7\">\r\n             \r\n    <h2 class=\"heading-title\">Purchase Optimization<\/h2>         \r\n    <span class=\"subheading\">by THESEN<\/span>        <\/div><div class=\"w-space\" style=\"height:30px\"><\/div><div class=\"vc_wp_custommenu wpb_content_element\"><div class=\"widget widget_nav_menu\"><div class=\"menu-einkaufsoptimierung-container\"><ul id=\"menu-einkaufsoptimierung\" class=\"menu\"><li id=\"menu-item-8357\" class=\"menu-item menu-item-type-post_type menu-item-object-page menu-item-8357\"><a href=\"https:\/\/www.thesen-ag.com\/en\/einkaufskosten-senken\/\">PURCHASE OPTIMIZATION<\/a><\/li>\n<li id=\"menu-item-8356\" class=\"menu-item menu-item-type-post_type menu-item-object-page menu-item-8356\"><a href=\"https:\/\/www.thesen-ag.com\/en\/lieferantenmanagement\/\">SUPPLIER MANAGEMENT<\/a><\/li>\n<li id=\"menu-item-8355\" class=\"menu-item menu-item-type-post_type menu-item-object-page menu-item-8355\"><a href=\"https:\/\/www.thesen-ag.com\/en\/warengruppenmanagement\/\">PRODUCT GROUP MANAGEMENT<\/a><\/li>\n<li id=\"menu-item-7987\" class=\"menu-item menu-item-type-post_type menu-item-object-page menu-item-7987\"><a href=\"https:\/\/www.thesen-ag.com\/en\/global-sourcing\/\">GLOBAL SOURCING<\/a><\/li>\n<li id=\"menu-item-8354\" class=\"menu-item menu-item-type-post_type menu-item-object-page menu-item-8354\"><a href=\"https:\/\/www.thesen-ag.com\/en\/working-capital-optimierung\/\">WORKING CAPITAL OPTIMIZATION<\/a><\/li>\n<li id=\"menu-item-8353\" class=\"menu-item menu-item-type-post_type menu-item-object-page menu-item-8353\"><a href=\"https:\/\/www.thesen-ag.com\/en\/risikomanagement\/\">RISK MANAGEMENT<\/a><\/li>\n<li id=\"menu-item-8352\" class=\"menu-item menu-item-type-post_type menu-item-object-page menu-item-8352\"><a href=\"https:\/\/www.thesen-ag.com\/en\/einkaufscontrolling\/\">PURCHASING CONTROLLING<\/a><\/li>\n<\/ul><\/div><\/div><\/div><\/div><\/div><\/div><\/div><\/div><\/div><\/section><section class=\"w-section w-text-light vc_custom_1597124099167 mpc-row\">\r\n<div class=\"section-background\"><div class=\"bg-wrapper bg-image\" style=\"background-image:url(https:\/\/www.thesen-ag.com\/wp-content\/uploads\/2020\/08\/klein_kaffeepexels-bongkarn-thanyakij-3751600.jpg);background-position:left top\"><\/div><\/div><div class=\"row\"><div class=\"col col-12 mpc-column\" data-column-id=\"mpc_column-6669e067633ac55\">\r\n    <div class=\"col-inner\"><div class=\"w-heading heading-4 text-center\">\r\n             \r\n    <h2 class=\"heading-title\" style=\"color:#f3f3f3\">Get to know us!<\/h2>            <\/div><div class=\"w-space\" style=\"height:30px\"><\/div><div class=\"w-text-block\">\n    <p style=\"text-align: center;\" class=\"translation-block\">We look forward to your inquiry. We would be happy to present our solution approaches<br> and our methods to you in a personal conversation.<\/p>\n<\/div><div class=\"w-space\" style=\"height:30px\"><\/div>\t\t<div class=\"cl-effect-1 creative_link_wrapper creative_link_124\" style=\"text-align: center;\">\r\n\t\t\t\t\t\t\t<a href=\"\/en\/kontakt-thesen\/\" target=\"\" title=\"\" style=\"color: #f3f3f3; font-size: 15px; text-transform: default;\">\r\n\t\t\t\t\tContact us now\t\t\t\t<\/a>\r\n\t\t\t\r\n\t\t\t\r\n\t\t\t\r\n\t\t\t\r\n\t\t\t\r\n\t\t\t\r\n\t\t\t\r\n\t\t\t\r\n\t\t\t\r\n\t\t\t\r\n\t\t\t\t\t<\/div>\r\n\r\n\t\t<style>\r\n\t\t\t.creative_link_124.cl-effect-13 a:hover::before, .creative_link_124.cl-effect-13 a:focus::before {\r\n\t\t\t\tcolor: #f3f3f3 !important;\r\n\t\t    \ttext-shadow: 10px 0 #f3f3f3, -10px 0 #f3f3f3 !important;\r\n\t\t\t}\t\r\n\t\t\t@media only screen and (max-width: 480px) {\r\n\t\t\t\t.creative_link_124 a {\r\n\t\t\t\t\tfont-size: px !important;\r\n\t\t\t\t}\r\n\t\t\t}\r\n\t\t<\/style>\r\n\t\t<\/div><\/div><\/div><\/section>","protected":false},"excerpt":{"rendered":"GLOBAL SOURCING by THESEN Global Sourcing bietet gro&szlig;e Chancen f&uuml;r die Wertsch&ouml;pfung. THESEN unterst&uuml;tzt Sie mit Expertise aus 30 Jahren. GLOBAL SOURCING by THESEN Global Sourcing bietet gro&szlig;e Chancen f&uuml;r die Wertsch&ouml;pfung. THESEN unterst&uuml;tzt Sie mit Expertise aus 25 Jahren. Die Bedeutung von Global Sourcing w&auml;chst stetig: Durch die Internationalisierung der Beschaffungsr&auml;ume k&ouml;nnen Sie f&uuml;r","protected":false},"author":1,"featured_media":0,"parent":0,"menu_order":0,"comment_status":"closed","ping_status":"closed","template":"","meta":{"_themeisle_gutenberg_block_has_review":false,"footnotes":""},"class_list":["post-7961","page","type-page","status-publish","hentry"],"yoast_head":"<!-- This site is optimized with the Yoast SEO plugin v27.4 - https:\/\/yoast.com\/product\/yoast-seo-wordpress\/ -->\n<title>GLOBAL SOURCING - THESEN AG - Einkaufsberatung &amp; Supply Chain Management<\/title>\n<meta name=\"description\" content=\"Global Sourcing bietet gro\u00dfe Chancen f\u00fcr die Wertsch\u00f6pfung. Die THESEN AG unterst\u00fctzt Sie mit Expertise aus 30 Jahren. Jetzt beraten lassen!\" \/>\n<meta name=\"robots\" content=\"index, follow, max-snippet:-1, max-image-preview:large, max-video-preview:-1\" \/>\n<link rel=\"canonical\" href=\"https:\/\/www.thesen-ag.com\/en\/global-sourcing\/\" \/>\n<meta property=\"og:locale\" content=\"en_GB\" \/>\n<meta property=\"og:type\" content=\"article\" \/>\n<meta property=\"og:title\" content=\"GLOBAL SOURCING - THESEN AG - Einkaufsberatung &amp; Supply Chain Management\" \/>\n<meta property=\"og:description\" content=\"Global Sourcing bietet gro\u00dfe Chancen f\u00fcr die Wertsch\u00f6pfung. Die THESEN AG unterst\u00fctzt Sie mit Expertise aus 30 Jahren. Jetzt beraten lassen!\" \/>\n<meta property=\"og:url\" content=\"https:\/\/www.thesen-ag.com\/en\/global-sourcing\/\" \/>\n<meta property=\"og:site_name\" content=\"THESEN AG - Einkaufsberatung &amp; Supply Chain Management\" \/>\n<meta property=\"article:modified_time\" content=\"2023-02-06T12:30:09+00:00\" \/>\n<meta name=\"twitter:card\" content=\"summary_large_image\" \/>\n<meta name=\"twitter:label1\" content=\"Estimated reading time\" \/>\n\t<meta name=\"twitter:data1\" content=\"4 minutes\" \/>\n<script type=\"application\/ld+json\" class=\"yoast-schema-graph\">{\"@context\":\"https:\\\/\\\/schema.org\",\"@graph\":[{\"@type\":\"WebPage\",\"@id\":\"https:\\\/\\\/www.thesen-ag.com\\\/global-sourcing\\\/\",\"url\":\"https:\\\/\\\/www.thesen-ag.com\\\/global-sourcing\\\/\",\"name\":\"GLOBAL SOURCING - THESEN AG - Einkaufsberatung &amp; Supply Chain Management\",\"isPartOf\":{\"@id\":\"https:\\\/\\\/www.thesen-ag.com\\\/#website\"},\"datePublished\":\"2020-08-05T04:46:35+00:00\",\"dateModified\":\"2023-02-06T12:30:09+00:00\",\"description\":\"Global Sourcing bietet gro\u00dfe Chancen f\u00fcr die Wertsch\u00f6pfung. Die THESEN AG unterst\u00fctzt Sie mit Expertise aus 30 Jahren. Jetzt beraten lassen!\",\"breadcrumb\":{\"@id\":\"https:\\\/\\\/www.thesen-ag.com\\\/global-sourcing\\\/#breadcrumb\"},\"inLanguage\":\"en-GB\",\"potentialAction\":[{\"@type\":\"ReadAction\",\"target\":[\"https:\\\/\\\/www.thesen-ag.com\\\/global-sourcing\\\/\"]}]},{\"@type\":\"BreadcrumbList\",\"@id\":\"https:\\\/\\\/www.thesen-ag.com\\\/global-sourcing\\\/#breadcrumb\",\"itemListElement\":[{\"@type\":\"ListItem\",\"position\":1,\"name\":\"Startseite\",\"item\":\"https:\\\/\\\/www.thesen-ag.com\\\/\"},{\"@type\":\"ListItem\",\"position\":2,\"name\":\"GLOBAL SOURCING\"}]},{\"@type\":\"WebSite\",\"@id\":\"https:\\\/\\\/www.thesen-ag.com\\\/#website\",\"url\":\"https:\\\/\\\/www.thesen-ag.com\\\/\",\"name\":\"THESEN AG - Einkaufsberatung &amp; Supply Chain Management\",\"description\":\"PROVEN EXCELLENCE since 1994\",\"publisher\":{\"@id\":\"https:\\\/\\\/www.thesen-ag.com\\\/#organization\"},\"potentialAction\":[{\"@type\":\"SearchAction\",\"target\":{\"@type\":\"EntryPoint\",\"urlTemplate\":\"https:\\\/\\\/www.thesen-ag.com\\\/?s={search_term_string}\"},\"query-input\":{\"@type\":\"PropertyValueSpecification\",\"valueRequired\":true,\"valueName\":\"search_term_string\"}}],\"inLanguage\":\"en-GB\"},{\"@type\":\"Organization\",\"@id\":\"https:\\\/\\\/www.thesen-ag.com\\\/#organization\",\"name\":\"THESEN AG\",\"url\":\"https:\\\/\\\/www.thesen-ag.com\\\/\",\"logo\":{\"@type\":\"ImageObject\",\"inLanguage\":\"en-GB\",\"@id\":\"https:\\\/\\\/www.thesen-ag.com\\\/#\\\/schema\\\/logo\\\/image\\\/\",\"url\":\"https:\\\/\\\/www.thesen-ag.com\\\/wp-content\\\/uploads\\\/2020\\\/10\\\/login_logothesen.png\",\"contentUrl\":\"https:\\\/\\\/www.thesen-ag.com\\\/wp-content\\\/uploads\\\/2020\\\/10\\\/login_logothesen.png\",\"width\":373,\"height\":190,\"caption\":\"THESEN AG\"},\"image\":{\"@id\":\"https:\\\/\\\/www.thesen-ag.com\\\/#\\\/schema\\\/logo\\\/image\\\/\"}}]}<\/script>\n<!-- \/ Yoast SEO plugin. -->","yoast_head_json":{"title":"GLOBAL SOURCING - THESEN AG - Einkaufsberatung &amp; Supply Chain Management","description":"Global Sourcing bietet gro\u00dfe Chancen f\u00fcr die Wertsch\u00f6pfung. Die THESEN AG unterst\u00fctzt Sie mit Expertise aus 30 Jahren. Jetzt beraten lassen!","robots":{"index":"index","follow":"follow","max-snippet":"max-snippet:-1","max-image-preview":"max-image-preview:large","max-video-preview":"max-video-preview:-1"},"canonical":"https:\/\/www.thesen-ag.com\/en\/global-sourcing\/","og_locale":"en_GB","og_type":"article","og_title":"GLOBAL SOURCING - THESEN AG - Einkaufsberatung &amp; Supply Chain Management","og_description":"Global Sourcing bietet gro\u00dfe Chancen f\u00fcr die Wertsch\u00f6pfung. Die THESEN AG unterst\u00fctzt Sie mit Expertise aus 30 Jahren. Jetzt beraten lassen!","og_url":"https:\/\/www.thesen-ag.com\/en\/global-sourcing\/","og_site_name":"THESEN AG - Einkaufsberatung &amp; Supply Chain Management","article_modified_time":"2023-02-06T12:30:09+00:00","twitter_card":"summary_large_image","twitter_misc":{"Estimated reading time":"4 minutes"},"schema":{"@context":"https:\/\/schema.org","@graph":[{"@type":"WebPage","@id":"https:\/\/www.thesen-ag.com\/global-sourcing\/","url":"https:\/\/www.thesen-ag.com\/global-sourcing\/","name":"GLOBAL SOURCING - THESEN AG - Einkaufsberatung &amp; Supply Chain Management","isPartOf":{"@id":"https:\/\/www.thesen-ag.com\/#website"},"datePublished":"2020-08-05T04:46:35+00:00","dateModified":"2023-02-06T12:30:09+00:00","description":"Global Sourcing bietet gro\u00dfe Chancen f\u00fcr die Wertsch\u00f6pfung. Die THESEN AG unterst\u00fctzt Sie mit Expertise aus 30 Jahren. Jetzt beraten lassen!","breadcrumb":{"@id":"https:\/\/www.thesen-ag.com\/global-sourcing\/#breadcrumb"},"inLanguage":"en-GB","potentialAction":[{"@type":"ReadAction","target":["https:\/\/www.thesen-ag.com\/global-sourcing\/"]}]},{"@type":"BreadcrumbList","@id":"https:\/\/www.thesen-ag.com\/global-sourcing\/#breadcrumb","itemListElement":[{"@type":"ListItem","position":1,"name":"Startseite","item":"https:\/\/www.thesen-ag.com\/"},{"@type":"ListItem","position":2,"name":"GLOBAL SOURCING"}]},{"@type":"WebSite","@id":"https:\/\/www.thesen-ag.com\/#website","url":"https:\/\/www.thesen-ag.com\/","name":"THESEN AG - Einkaufsberatung &amp; Supply Chain Management","description":"PROVEN EXCELLENCE since 1994","publisher":{"@id":"https:\/\/www.thesen-ag.com\/#organization"},"potentialAction":[{"@type":"SearchAction","target":{"@type":"EntryPoint","urlTemplate":"https:\/\/www.thesen-ag.com\/?s={search_term_string}"},"query-input":{"@type":"PropertyValueSpecification","valueRequired":true,"valueName":"search_term_string"}}],"inLanguage":"en-GB"},{"@type":"Organization","@id":"https:\/\/www.thesen-ag.com\/#organization","name":"THESEN AG","url":"https:\/\/www.thesen-ag.com\/","logo":{"@type":"ImageObject","inLanguage":"en-GB","@id":"https:\/\/www.thesen-ag.com\/#\/schema\/logo\/image\/","url":"https:\/\/www.thesen-ag.com\/wp-content\/uploads\/2020\/10\/login_logothesen.png","contentUrl":"https:\/\/www.thesen-ag.com\/wp-content\/uploads\/2020\/10\/login_logothesen.png","width":373,"height":190,"caption":"THESEN AG"},"image":{"@id":"https:\/\/www.thesen-ag.com\/#\/schema\/logo\/image\/"}}]}},"_links":{"self":[{"href":"https:\/\/www.thesen-ag.com\/en\/wp-json\/wp\/v2\/pages\/7961","targetHints":{"allow":["GET"]}}],"collection":[{"href":"https:\/\/www.thesen-ag.com\/en\/wp-json\/wp\/v2\/pages"}],"about":[{"href":"https:\/\/www.thesen-ag.com\/en\/wp-json\/wp\/v2\/types\/page"}],"author":[{"embeddable":true,"href":"https:\/\/www.thesen-ag.com\/en\/wp-json\/wp\/v2\/users\/1"}],"replies":[{"embeddable":true,"href":"https:\/\/www.thesen-ag.com\/en\/wp-json\/wp\/v2\/comments?post=7961"}],"version-history":[{"count":97,"href":"https:\/\/www.thesen-ag.com\/en\/wp-json\/wp\/v2\/pages\/7961\/revisions"}],"predecessor-version":[{"id":10781,"href":"https:\/\/www.thesen-ag.com\/en\/wp-json\/wp\/v2\/pages\/7961\/revisions\/10781"}],"wp:attachment":[{"href":"https:\/\/www.thesen-ag.com\/en\/wp-json\/wp\/v2\/media?parent=7961"}],"curies":[{"name":"wp","href":"https:\/\/api.w.org\/{rel}","templated":true}]}}