{"id":8543,"date":"2020-08-24T10:05:50","date_gmt":"2020-08-24T08:05:50","guid":{"rendered":"http:\/\/thesen-ag.de\/?page_id=8543"},"modified":"2020-10-01T16:41:15","modified_gmt":"2020-10-01T14:41:15","slug":"ansatz-und-philosophie","status":"publish","type":"page","link":"https:\/\/www.thesen-ag.com\/en\/ansatz-und-philosophie\/","title":{"rendered":"APPROACH &amp; PHILOSOPHY"},"content":{"rendered":"<section class=\"w-section no-padding vc_custom_1599722341060 mpc-row mpc-with-separator\" data-row-id=\"mpc_row-969da13fa8a2b7\">\r\n<div class=\"section-background\"><div class=\"bg-wrapper bg-image\" style=\"background-image:url(https:\/\/www.thesen-ag.com\/wp-content\/uploads\/2020\/09\/sw_FAJ104000013-Lawyer-reviewing-document-with-client.jpg);background-position:center bottom\"><\/div><\/div><div class=\"row w-align-middle w-row-flex\"><div class=\"col col-12 vc_custom_1599671824369 mpc-column\" data-column-id=\"mpc_column-7869da13fa8a201\">\r\n    <div class=\"col-inner\"><div class=\"w-heading heading-6 text-left\">\r\n             \r\n    <h1 class=\"heading-title\">APPROACH &amp; PHILOSOPHY<\/h1>            <\/div><\/div><\/div><\/div><div class=\"mpc-separator-spacer mpc-separator--bottom\"><\/div><div class=\"mpc-separator mpc-separator--css mpc-separator--bottom mpc-separator-style--tip-left\" data-color=\"#ffffff\"><div class=\"mpc-separator-content\"><\/div><\/div><\/section><section class=\"w-section s-padding vc_custom_1596462911613 mpc-row\">\r\n<div class=\"row\"><div class=\"col col-8 vc_custom_1596374385184 mpc-column\" data-column-id=\"mpc_column-8469da13fa8ac97\">\r\n    <div class=\"col-inner\"><div class=\"w-text-block\">\n    <p><span class=\"dropcap\">T<\/span><em>THESEN has a high standard concerning the technical, organizational, commercial and\nstrategic competency of their consultants. Our goal is to procure our business partners with\ndecisive competitive advantages in all purchase-relevant business areas. For us, best practice\nis not only a method but a standard that our clients can reach and outperform on the basis\nof their potential and of measures especially adjusted to their situation. That\u2019s why the\nsolutions which we develop are always individual \u2013 despite of all our experience.<\/em><\/p>\n<\/div><div class=\"w-space\" style=\"height:40px\"><\/div><div class=\"w-heading heading-6 text-left\">\r\n             \r\n    <h2 class=\"heading-title\">THE THESEN PHILOSOPHY: MARKET-LEADING SOLUTIONS<\/h2>         \r\n    <span class=\"subheading\">&amp; HIGH STANDARDS OF QUALITY<\/span>        <\/div><div class=\"w-space\" style=\"height:10px\"><\/div><div class=\"w-text-block\">\n    <p><em>Our goal is to outperform our clients\u2019 expectations. We reach this extra performance by an\nextremely high degree of attention and concentration during the complete project. Thus, we\nidentify details and opportunities for optimization that we adopt with creativeness and\nflexibility and integrate in analyses, concepts and measures. Across all performance areas we\nhave high internal standards and development requirements with regard to our team and\nprofessional competency and our process flow. This self-image is part of our comprehensive\napproach on the basis of which we assist and support our clients at all process stages of their\nproject. Well positioned and with the full range of our competencies, we are able to take\neven difficult decisions for our clients in the run-up.<\/em><\/p>\n<\/div><div class=\"w-space\" style=\"height:40px\"><\/div><div class=\"w-heading heading-6 text-left\">\r\n             \r\n    <h2 class=\"heading-title\">NEUTRALITY<\/h2>            <\/div><div class=\"w-space\" style=\"height:10px\"><\/div><div class=\"w-text-block\">\n    <p><em>The independence from manufacturers is an indispensable prerequisite for the success of\nour services and an important element of the TEHSEN Philosophy. We are continuously\nscreening the complete procurement market and can thus integrate changes and new\ndevelopments into the work for our clients on a daily basis.<\/em><\/p>\n<\/div><div class=\"w-space\" style=\"height:40px\"><\/div><div class=\"w-heading heading-6 text-left\">\r\n             \r\n    <h2 class=\"heading-title\">FORWARD THINKING<\/h2>            <\/div><div class=\"w-space\" style=\"height:10px\"><\/div><div class=\"w-text-block\">\n    <p><em>We offer cost-optimized purchase structures and organization-oriented solutions which will\nstill be valid tomorrow. We do not design your materials management as a closed field of\nactivity, but as an open system which will remain expandable and future-oriented in the long\nrun. When we have finished our work, you will have a powerful procurement system with a\ncontinuously improvable cost structure.<\/em><\/p>\n<\/div><div class=\"w-space\" style=\"height:40px\"><\/div><div class=\"w-heading heading-6 text-left\">\r\n             \r\n    <h2 class=\"heading-title\">RETURN ON INVESTMENTMENT<\/h2>            <\/div><div class=\"w-space\" style=\"height:10px\"><\/div><div class=\"w-text-block\">\n    <p><em>THESEN thinks in solutions and ensures a fast return on investment. By linking our work and our remuneration to your success, we reach a maximum of identification with your interests and guarantee the economic success of the assignments.<\/em><\/p>\n<\/div><\/div><\/div><div class=\"col col-4 vc_custom_1596604921740 mpc-column\" data-column-id=\"mpc_column-5069da13fa8bda5\">\r\n    <div class=\"col-inner\"><div class=\"row vc_custom_1596968676868 mpc-row\" style=\"background-color:#eeeeee\">\r\n    <div class=\"col col-12 mpc-column\" data-column-id=\"mpc_column-8169da13fa8b37f\">\r\n    <div class=\"col-inner\"><div class=\"w-heading heading-7 text-left\">\r\n             \r\n    <h2 class=\"heading-title\">Our Fee Model<\/h2>            <\/div><div class=\"w-image text-left\">\n        <a href=\"#\" target=\"_self\">\n            <img loading=\"lazy\" decoding=\"async\" width=\"720\" height=\"450\" src=\"https:\/\/www.thesen-ag.com\/wp-content\/uploads\/2020\/09\/pas_cube.png\" class=\"attachment-full size-full\" alt=\"Pay as you save by THESEN\" srcset=\"https:\/\/www.thesen-ag.com\/wp-content\/uploads\/2020\/09\/pas_cube.png 720w, https:\/\/www.thesen-ag.com\/wp-content\/uploads\/2020\/09\/pas_cube-300x188.png 300w, https:\/\/www.thesen-ag.com\/wp-content\/uploads\/2020\/09\/pas_cube-640x400.png 640w\" sizes=\"auto, (max-width: 720px) 100vw, 720px\">        <\/a>\n    <\/div>\n\t\t<div class=\"cl-effect-1 creative_link_wrapper creative_link_9\" style=\"text-align: center;\">\r\n\t\t\t\t\t\t\t<a href=\"\" target=\"\" title=\"\" style=\"color: #607b98; font-size: 15px; text-transform: default;\">\r\n\t\t\t\t\tread more\t\t\t\t<\/a>\r\n\t\t\t\r\n\t\t\t\r\n\t\t\t\r\n\t\t\t\r\n\t\t\t\r\n\t\t\t\r\n\t\t\t\r\n\t\t\t\r\n\t\t\t\r\n\t\t\t\r\n\t\t\t\t\t<\/div>\r\n\r\n\t\t<style>\r\n\t\t\t.creative_link_9.cl-effect-13 a:hover::before, .creative_link_9.cl-effect-13 a:focus::before {\r\n\t\t\t\tcolor: #607b98 !important;\r\n\t\t    \ttext-shadow: 10px 0 #607b98, -10px 0 #607b98 !important;\r\n\t\t\t}\t\r\n\t\t\t@media only screen and (max-width: 480px) {\r\n\t\t\t\t.creative_link_9 a {\r\n\t\t\t\t\tfont-size: px !important;\r\n\t\t\t\t}\r\n\t\t\t}\r\n\t\t<\/style>\r\n\t\t<\/div><\/div><\/div><div class=\"w-space\" style=\"height:50px\"><\/div><div class=\"row vc_custom_1596968676868 mpc-row\" style=\"background-color:#eeeeee\">\r\n    <div class=\"col col-12 mpc-column\" data-column-id=\"mpc_column-8869da13fa8bb33\">\r\n    <div class=\"col-inner\"><div class=\"w-heading heading-7 text-left\">\r\n             \r\n    <h2 class=\"heading-title\">E.VENT.US<\/h2>         \r\n    <span class=\"subheading\">RFQ solution by THESEN<\/span>        <\/div><div class=\"w-image text-left\">\n        <a href=\"#\" target=\"_self\">\n            <img loading=\"lazy\" decoding=\"async\" width=\"720\" height=\"450\" src=\"https:\/\/www.thesen-ag.com\/wp-content\/uploads\/2020\/09\/2eventus_cube.png\" class=\"attachment-full size-full\" alt=\"Eventus - RFQ solution by THESEN\" srcset=\"https:\/\/www.thesen-ag.com\/wp-content\/uploads\/2020\/09\/2eventus_cube.png 720w, https:\/\/www.thesen-ag.com\/wp-content\/uploads\/2020\/09\/2eventus_cube-300x188.png 300w, https:\/\/www.thesen-ag.com\/wp-content\/uploads\/2020\/09\/2eventus_cube-640x400.png 640w\" sizes=\"auto, (max-width: 720px) 100vw, 720px\">        <\/a>\n    <\/div>\n\t\t<div class=\"cl-effect-1 creative_link_wrapper creative_link_166\" style=\"text-align: center;\">\r\n\t\t\t\t\t\t\t<a href=\"\" target=\"\" title=\"\" style=\"color: #607b98; font-size: 15px; text-transform: default;\">\r\n\t\t\t\t\tread more\t\t\t\t<\/a>\r\n\t\t\t\r\n\t\t\t\r\n\t\t\t\r\n\t\t\t\r\n\t\t\t\r\n\t\t\t\r\n\t\t\t\r\n\t\t\t\r\n\t\t\t\r\n\t\t\t\r\n\t\t\t\t\t<\/div>\r\n\r\n\t\t<style>\r\n\t\t\t.creative_link_166.cl-effect-13 a:hover::before, .creative_link_166.cl-effect-13 a:focus::before {\r\n\t\t\t\tcolor: #607b98 !important;\r\n\t\t    \ttext-shadow: 10px 0 #607b98, -10px 0 #607b98 !important;\r\n\t\t\t}\t\r\n\t\t\t@media only screen and (max-width: 480px) {\r\n\t\t\t\t.creative_link_166 a {\r\n\t\t\t\t\tfont-size: px !important;\r\n\t\t\t\t}\r\n\t\t\t}\r\n\t\t<\/style>\r\n\t\t<\/div><\/div><\/div><\/div><\/div><\/div><\/section><section class=\"w-section w-text-light vc_custom_1597124099167 mpc-row\">\r\n<div class=\"section-background\"><div class=\"bg-wrapper bg-image\" style=\"background-image:url(https:\/\/www.thesen-ag.com\/wp-content\/uploads\/2020\/08\/klein_kaffeepexels-bongkarn-thanyakij-3751600.jpg);background-position:left top\"><\/div><\/div><div class=\"row\"><div class=\"col col-12 mpc-column\" data-column-id=\"mpc_column-6069da13fa8c7b8\">\r\n    <div class=\"col-inner\"><div class=\"w-heading heading-4 text-center\">\r\n             \r\n    <h2 class=\"heading-title\" style=\"color:#f3f3f3\">Get to know us!<\/h2>            <\/div><div class=\"w-space\" style=\"height:30px\"><\/div><div class=\"w-text-block\">\n    <p style=\"text-align: center;\" class=\"translation-block\">We look forward to your inquiry. We would be happy to present our solution approaches<br> and our methods to you in a personal conversation.<\/p>\n<\/div><div class=\"w-space\" style=\"height:30px\"><\/div>\t\t<div class=\"cl-effect-1 creative_link_wrapper creative_link_145\" style=\"text-align: center;\">\r\n\t\t\t\t\t\t\t<a href=\"\" target=\"\" title=\"\" style=\"color: #f3f3f3; font-size: 15px; text-transform: default;\">\r\n\t\t\t\t\tContact us now\t\t\t\t<\/a>\r\n\t\t\t\r\n\t\t\t\r\n\t\t\t\r\n\t\t\t\r\n\t\t\t\r\n\t\t\t\r\n\t\t\t\r\n\t\t\t\r\n\t\t\t\r\n\t\t\t\r\n\t\t\t\t\t<\/div>\r\n\r\n\t\t<style>\r\n\t\t\t.creative_link_145.cl-effect-13 a:hover::before, .creative_link_145.cl-effect-13 a:focus::before {\r\n\t\t\t\tcolor: #f3f3f3 !important;\r\n\t\t    \ttext-shadow: 10px 0 #f3f3f3, -10px 0 #f3f3f3 !important;\r\n\t\t\t}\t\r\n\t\t\t@media only screen and (max-width: 480px) {\r\n\t\t\t\t.creative_link_145 a {\r\n\t\t\t\t\tfont-size: px !important;\r\n\t\t\t\t}\r\n\t\t\t}\r\n\t\t<\/style>\r\n\t\t<\/div><\/div><\/div><\/section>","protected":false},"excerpt":{"rendered":"ANSATZ &amp; PHILOSOPHIE THESEN hat einen hohen Anspruch an die technische, organisatorische, kaufm&auml;nnische und strategische Kompetenz ihrer Berater. Unser Ziel ist es, unseren Gesch&auml;ftspartnern in allen einkaufsrelevanten Unternehmensbereichen zu entscheidenden Wettbewerbsvorteilen zu verhelfen. Best Practice ist f&uuml;r uns dabei nicht nur eine Methode, sondern ein Ma&szlig;stab, den unsere Mandanten auf der Grundlage ihres Potenzials und","protected":false},"author":1,"featured_media":0,"parent":0,"menu_order":0,"comment_status":"closed","ping_status":"closed","template":"","meta":{"_themeisle_gutenberg_block_has_review":false,"footnotes":""},"class_list":["post-8543","page","type-page","status-publish","hentry"],"yoast_head":"<!-- This site is optimized with the Yoast SEO plugin v27.3 - https:\/\/yoast.com\/product\/yoast-seo-wordpress\/ -->\n<title>ANSATZ &amp; PHILOSOPHIE - THESEN AG - Einkaufsberatung &amp; Supply Chain Management<\/title>\n<meta name=\"description\" content=\"Die Philosophie von THESEN: Einkaufsberatung auf h\u00f6chstem Niveau - erfahrene Berater und h\u00f6chste Qualit\u00e4tsstandards. Jetzt informieren!\" \/>\n<meta name=\"robots\" content=\"index, follow, max-snippet:-1, max-image-preview:large, max-video-preview:-1\" \/>\n<link rel=\"canonical\" href=\"https:\/\/www.thesen-ag.com\/en\/ansatz-und-philosophie\/\" \/>\n<meta property=\"og:locale\" content=\"en_GB\" \/>\n<meta property=\"og:type\" content=\"article\" \/>\n<meta property=\"og:title\" content=\"ANSATZ &amp; PHILOSOPHIE - THESEN AG - Einkaufsberatung &amp; Supply Chain Management\" \/>\n<meta property=\"og:description\" content=\"Die Philosophie von THESEN: Einkaufsberatung auf h\u00f6chstem Niveau - erfahrene Berater und h\u00f6chste Qualit\u00e4tsstandards. Jetzt informieren!\" \/>\n<meta property=\"og:url\" content=\"https:\/\/www.thesen-ag.com\/en\/ansatz-und-philosophie\/\" \/>\n<meta property=\"og:site_name\" content=\"THESEN AG - Einkaufsberatung &amp; Supply Chain Management\" \/>\n<meta property=\"article:modified_time\" content=\"2020-10-01T14:41:15+00:00\" \/>\n<meta name=\"twitter:card\" content=\"summary_large_image\" \/>\n<meta name=\"twitter:label1\" content=\"Estimated reading time\" \/>\n\t<meta name=\"twitter:data1\" content=\"4 minutes\" \/>\n<script type=\"application\/ld+json\" class=\"yoast-schema-graph\">{\"@context\":\"https:\\\/\\\/schema.org\",\"@graph\":[{\"@type\":\"WebPage\",\"@id\":\"https:\\\/\\\/www.thesen-ag.com\\\/ansatz-und-philosophie\\\/\",\"url\":\"https:\\\/\\\/www.thesen-ag.com\\\/ansatz-und-philosophie\\\/\",\"name\":\"ANSATZ & PHILOSOPHIE - THESEN AG - Einkaufsberatung &amp; Supply Chain Management\",\"isPartOf\":{\"@id\":\"https:\\\/\\\/www.thesen-ag.com\\\/#website\"},\"datePublished\":\"2020-08-24T08:05:50+00:00\",\"dateModified\":\"2020-10-01T14:41:15+00:00\",\"description\":\"Die Philosophie von THESEN: Einkaufsberatung auf h\u00f6chstem Niveau - erfahrene Berater und h\u00f6chste Qualit\u00e4tsstandards. Jetzt informieren!\",\"breadcrumb\":{\"@id\":\"https:\\\/\\\/www.thesen-ag.com\\\/ansatz-und-philosophie\\\/#breadcrumb\"},\"inLanguage\":\"en-GB\",\"potentialAction\":[{\"@type\":\"ReadAction\",\"target\":[\"https:\\\/\\\/www.thesen-ag.com\\\/ansatz-und-philosophie\\\/\"]}]},{\"@type\":\"BreadcrumbList\",\"@id\":\"https:\\\/\\\/www.thesen-ag.com\\\/ansatz-und-philosophie\\\/#breadcrumb\",\"itemListElement\":[{\"@type\":\"ListItem\",\"position\":1,\"name\":\"Startseite\",\"item\":\"https:\\\/\\\/www.thesen-ag.com\\\/\"},{\"@type\":\"ListItem\",\"position\":2,\"name\":\"ANSATZ &#038; PHILOSOPHIE\"}]},{\"@type\":\"WebSite\",\"@id\":\"https:\\\/\\\/www.thesen-ag.com\\\/#website\",\"url\":\"https:\\\/\\\/www.thesen-ag.com\\\/\",\"name\":\"THESEN AG - Einkaufsberatung &amp; Supply Chain Management\",\"description\":\"PROVEN EXCELLENCE since 1994\",\"publisher\":{\"@id\":\"https:\\\/\\\/www.thesen-ag.com\\\/#organization\"},\"potentialAction\":[{\"@type\":\"SearchAction\",\"target\":{\"@type\":\"EntryPoint\",\"urlTemplate\":\"https:\\\/\\\/www.thesen-ag.com\\\/?s={search_term_string}\"},\"query-input\":{\"@type\":\"PropertyValueSpecification\",\"valueRequired\":true,\"valueName\":\"search_term_string\"}}],\"inLanguage\":\"en-GB\"},{\"@type\":\"Organization\",\"@id\":\"https:\\\/\\\/www.thesen-ag.com\\\/#organization\",\"name\":\"THESEN AG\",\"url\":\"https:\\\/\\\/www.thesen-ag.com\\\/\",\"logo\":{\"@type\":\"ImageObject\",\"inLanguage\":\"en-GB\",\"@id\":\"https:\\\/\\\/www.thesen-ag.com\\\/#\\\/schema\\\/logo\\\/image\\\/\",\"url\":\"https:\\\/\\\/www.thesen-ag.com\\\/wp-content\\\/uploads\\\/2020\\\/10\\\/login_logothesen.png\",\"contentUrl\":\"https:\\\/\\\/www.thesen-ag.com\\\/wp-content\\\/uploads\\\/2020\\\/10\\\/login_logothesen.png\",\"width\":373,\"height\":190,\"caption\":\"THESEN AG\"},\"image\":{\"@id\":\"https:\\\/\\\/www.thesen-ag.com\\\/#\\\/schema\\\/logo\\\/image\\\/\"}}]}<\/script>\n<!-- \/ Yoast SEO plugin. -->","yoast_head_json":{"title":"ANSATZ & PHILOSOPHIE - THESEN AG - Einkaufsberatung &amp; Supply Chain Management","description":"Die Philosophie von THESEN: Einkaufsberatung auf h\u00f6chstem Niveau - erfahrene Berater und h\u00f6chste Qualit\u00e4tsstandards. Jetzt informieren!","robots":{"index":"index","follow":"follow","max-snippet":"max-snippet:-1","max-image-preview":"max-image-preview:large","max-video-preview":"max-video-preview:-1"},"canonical":"https:\/\/www.thesen-ag.com\/en\/ansatz-und-philosophie\/","og_locale":"en_GB","og_type":"article","og_title":"ANSATZ & PHILOSOPHIE - THESEN AG - Einkaufsberatung &amp; Supply Chain Management","og_description":"Die Philosophie von THESEN: Einkaufsberatung auf h\u00f6chstem Niveau - erfahrene Berater und h\u00f6chste Qualit\u00e4tsstandards. Jetzt informieren!","og_url":"https:\/\/www.thesen-ag.com\/en\/ansatz-und-philosophie\/","og_site_name":"THESEN AG - Einkaufsberatung &amp; Supply Chain Management","article_modified_time":"2020-10-01T14:41:15+00:00","twitter_card":"summary_large_image","twitter_misc":{"Estimated reading time":"4 minutes"},"schema":{"@context":"https:\/\/schema.org","@graph":[{"@type":"WebPage","@id":"https:\/\/www.thesen-ag.com\/ansatz-und-philosophie\/","url":"https:\/\/www.thesen-ag.com\/ansatz-und-philosophie\/","name":"ANSATZ & PHILOSOPHIE - THESEN AG - Einkaufsberatung &amp; Supply Chain Management","isPartOf":{"@id":"https:\/\/www.thesen-ag.com\/#website"},"datePublished":"2020-08-24T08:05:50+00:00","dateModified":"2020-10-01T14:41:15+00:00","description":"Die Philosophie von THESEN: Einkaufsberatung auf h\u00f6chstem Niveau - erfahrene Berater und h\u00f6chste Qualit\u00e4tsstandards. Jetzt informieren!","breadcrumb":{"@id":"https:\/\/www.thesen-ag.com\/ansatz-und-philosophie\/#breadcrumb"},"inLanguage":"en-GB","potentialAction":[{"@type":"ReadAction","target":["https:\/\/www.thesen-ag.com\/ansatz-und-philosophie\/"]}]},{"@type":"BreadcrumbList","@id":"https:\/\/www.thesen-ag.com\/ansatz-und-philosophie\/#breadcrumb","itemListElement":[{"@type":"ListItem","position":1,"name":"Startseite","item":"https:\/\/www.thesen-ag.com\/"},{"@type":"ListItem","position":2,"name":"ANSATZ &#038; PHILOSOPHIE"}]},{"@type":"WebSite","@id":"https:\/\/www.thesen-ag.com\/#website","url":"https:\/\/www.thesen-ag.com\/","name":"THESEN AG - Einkaufsberatung &amp; Supply Chain Management","description":"PROVEN EXCELLENCE since 1994","publisher":{"@id":"https:\/\/www.thesen-ag.com\/#organization"},"potentialAction":[{"@type":"SearchAction","target":{"@type":"EntryPoint","urlTemplate":"https:\/\/www.thesen-ag.com\/?s={search_term_string}"},"query-input":{"@type":"PropertyValueSpecification","valueRequired":true,"valueName":"search_term_string"}}],"inLanguage":"en-GB"},{"@type":"Organization","@id":"https:\/\/www.thesen-ag.com\/#organization","name":"THESEN AG","url":"https:\/\/www.thesen-ag.com\/","logo":{"@type":"ImageObject","inLanguage":"en-GB","@id":"https:\/\/www.thesen-ag.com\/#\/schema\/logo\/image\/","url":"https:\/\/www.thesen-ag.com\/wp-content\/uploads\/2020\/10\/login_logothesen.png","contentUrl":"https:\/\/www.thesen-ag.com\/wp-content\/uploads\/2020\/10\/login_logothesen.png","width":373,"height":190,"caption":"THESEN AG"},"image":{"@id":"https:\/\/www.thesen-ag.com\/#\/schema\/logo\/image\/"}}]}},"_links":{"self":[{"href":"https:\/\/www.thesen-ag.com\/en\/wp-json\/wp\/v2\/pages\/8543","targetHints":{"allow":["GET"]}}],"collection":[{"href":"https:\/\/www.thesen-ag.com\/en\/wp-json\/wp\/v2\/pages"}],"about":[{"href":"https:\/\/www.thesen-ag.com\/en\/wp-json\/wp\/v2\/types\/page"}],"author":[{"embeddable":true,"href":"https:\/\/www.thesen-ag.com\/en\/wp-json\/wp\/v2\/users\/1"}],"replies":[{"embeddable":true,"href":"https:\/\/www.thesen-ag.com\/en\/wp-json\/wp\/v2\/comments?post=8543"}],"version-history":[{"count":16,"href":"https:\/\/www.thesen-ag.com\/en\/wp-json\/wp\/v2\/pages\/8543\/revisions"}],"predecessor-version":[{"id":9702,"href":"https:\/\/www.thesen-ag.com\/en\/wp-json\/wp\/v2\/pages\/8543\/revisions\/9702"}],"wp:attachment":[{"href":"https:\/\/www.thesen-ag.com\/en\/wp-json\/wp\/v2\/media?parent=8543"}],"curies":[{"name":"wp","href":"https:\/\/api.w.org\/{rel}","templated":true}]}}